{"id":264,"date":"2019-08-02T22:16:12","date_gmt":"2019-08-02T21:16:12","guid":{"rendered":"https:\/\/asclepios.co\/?page_id=264"},"modified":"2019-09-11T20:08:07","modified_gmt":"2019-09-11T19:08:07","slug":"kontakt","status":"publish","type":"page","link":"https:\/\/asclepios.co\/?page_id=264","title":{"rendered":"Kontakt"},"content":{"rendered":"<p>[et_pb_section fb_built=&#8221;1&#8243; _builder_version=&#8221;3.26.6&#8243;][et_pb_row column_structure=&#8221;1_2,1_2&#8243; _builder_version=&#8221;3.26.6&#8243;][et_pb_column type=&#8221;1_2&#8243; _builder_version=&#8221;3.26.6&#8243;][et_pb_text _builder_version=&#8221;3.26.7&#8243;]<\/p>\n<h3>Udru\u017eenje Asklepios<\/h3>\n<p>Dr Aleksandra Kosti\u0107a 17<br \/>11000 Beograd<br \/>Mati\u010dni broj 28121997<br \/>PIB 108199371<br \/>Teku\u0107i ra\u010dun: 150 &#8211; 1859683- 44 Direktna banka<br \/>Osniva\u010d: Mirjana Mi\u0107ovi\u0107 <a href=\"tel:+381606410399\">+381 60 6410399<\/a><\/p>\n<p>&nbsp;<\/p>\n<h3>Edukativni centar Holi<\/h3>\n<p>Ul. Kneginje Ljubice 12<\/p>\n<p>Telefon:<\/p>\n<ul>\n<li><a href=\"tel:+381600624455\">+381 60 06 244 55<\/a><\/li>\n<li><a href=\"tel:+381606410399\">+381 60 64 103 99<\/a><\/li>\n<li><a href=\"tel:+381606411525\">+381 60 64 115 25<\/a><\/li>\n<\/ul>\n<p>Glavni koordinatori za <strong>Holi Kids<\/strong> program :<br \/><strong>Mirjana Mi\u0107ovi\u0107, Milica Mi\u0107ovi\u0107 i Branka Miljojkovi\u0107<\/strong><br \/>email:<a href=\"mailto:holikidsbeograd@gmail.com\"> holikidsbeograd@gmail.com<\/a><\/p>\n<p>Glavni koordinator za <strong>Holi akademiju<\/strong> :<br \/><strong>Mirjana Mi\u0107ovi\u0107<\/strong><br \/>email: <a href=\"mailto:holiakademija@gmail.com\">holiakademija@gmail.com<\/a><\/p>\n<p>[\/et_pb_text][\/et_pb_column][et_pb_column type=&#8221;1_2&#8243; _builder_version=&#8221;3.26.6&#8243;][et_pb_text _builder_version=&#8221;3.26.6&#8243;]<\/p>\n<p>Ili preko kontakt forme:<\/p>\n<p>&nbsp;<\/p>\n\n<div class=\"wpcf7 no-js\" id=\"wpcf7-f18-o1\" lang=\"en-US\" dir=\"ltr\" data-wpcf7-id=\"18\">\n<div class=\"screen-reader-response\"><p role=\"status\" aria-live=\"polite\" aria-atomic=\"true\"><\/p> <ul><\/ul><\/div>\n<form action=\"\/index.php?rest_route=%2Fwp%2Fv2%2Fpages%2F264#wpcf7-f18-o1\" method=\"post\" class=\"wpcf7-form init\" aria-label=\"Contact form\" novalidate=\"novalidate\" data-status=\"init\">\n<fieldset class=\"hidden-fields-container\"><input type=\"hidden\" name=\"_wpcf7\" value=\"18\" \/><input type=\"hidden\" name=\"_wpcf7_version\" value=\"6.1.5\" \/><input type=\"hidden\" name=\"_wpcf7_locale\" value=\"en_US\" \/><input type=\"hidden\" name=\"_wpcf7_unit_tag\" value=\"wpcf7-f18-o1\" \/><input type=\"hidden\" name=\"_wpcf7_container_post\" value=\"0\" \/><input type=\"hidden\" name=\"_wpcf7_posted_data_hash\" value=\"\" \/><input type=\"hidden\" name=\"_wpcf7_recaptcha_response\" value=\"\" \/>\n<\/fieldset>\n<p><label> Va\u0161e ime (required)<br \/>\n<span class=\"wpcf7-form-control-wrap\" data-name=\"your-name\"><input size=\"40\" maxlength=\"400\" class=\"wpcf7-form-control wpcf7-text wpcf7-validates-as-required\" aria-required=\"true\" aria-invalid=\"false\" value=\"\" type=\"text\" name=\"your-name\" \/><\/span> <\/label>\n<\/p>\n<p><label> Va\u0161 Email (required)<br \/>\n<span class=\"wpcf7-form-control-wrap\" data-name=\"your-email\"><input size=\"40\" maxlength=\"400\" class=\"wpcf7-form-control wpcf7-email wpcf7-validates-as-required wpcf7-text wpcf7-validates-as-email\" aria-required=\"true\" aria-invalid=\"false\" value=\"\" type=\"email\" name=\"your-email\" \/><\/span> <\/label>\n<\/p>\n<p><label> Naslov<br \/>\n<span class=\"wpcf7-form-control-wrap\" data-name=\"your-subject\"><input size=\"40\" maxlength=\"400\" class=\"wpcf7-form-control wpcf7-text\" aria-invalid=\"false\" value=\"\" type=\"text\" name=\"your-subject\" \/><\/span> <\/label>\n<\/p>\n<p><label> Va\u0161a poruka<br \/>\n<span class=\"wpcf7-form-control-wrap\" data-name=\"your-message\"><textarea cols=\"40\" rows=\"10\" maxlength=\"2000\" class=\"wpcf7-form-control wpcf7-textarea\" aria-invalid=\"false\" name=\"your-message\"><\/textarea><\/span> <\/label>\n<\/p>\n<p><input class=\"wpcf7-form-control wpcf7-submit has-spinner\" type=\"submit\" value=\"Send\" \/>\n<\/p><div class=\"wpcf7-response-output\" aria-hidden=\"true\"><\/div>\n<\/form>\n<\/div>\n\n<p>[\/et_pb_text][\/et_pb_column][\/et_pb_row][\/et_pb_section]<\/p>\n","protected":false},"excerpt":{"rendered":"<p>Udru\u017eenje Asklepios Dr Aleksandra Kosti\u0107a 1711000 BeogradMati\u010dni broj 28121997PIB 108199371Teku\u0107i ra\u010dun: 150 &#8211; 1859683- 44 Direktna bankaOsniva\u010d: Mirjana Mi\u0107ovi\u0107 +381 60 6410399 &nbsp; Edukativni centar Holi Ul. Kneginje Ljubice 12 Telefon: +381 60 06 244 55 +381 60 64 103 99 +381 60 64 115 25 Glavni koordinatori za Holi Kids program :Mirjana Mi\u0107ovi\u0107, Milica [&hellip;]<\/p>\n","protected":false},"author":2,"featured_media":0,"parent":0,"menu_order":0,"comment_status":"closed","ping_status":"closed","template":"","meta":{"_et_pb_use_builder":"on","_et_pb_old_content":"","_et_gb_content_width":"","footnotes":""},"class_list":["post-264","page","type-page","status-publish","hentry"],"yoast_head":"<!-- This site is optimized with the Yoast SEO plugin v27.2 - https:\/\/yoast.com\/product\/yoast-seo-wordpress\/ -->\n<title>Kontakt - Asclepios - asclepios.co<\/title>\n<meta name=\"robots\" content=\"index, follow, max-snippet:-1, max-image-preview:large, max-video-preview:-1\" \/>\n<link rel=\"canonical\" href=\"https:\/\/asclepios.co\/?page_id=264\" \/>\n<meta property=\"og:locale\" content=\"en_US\" \/>\n<meta property=\"og:type\" content=\"article\" \/>\n<meta property=\"og:title\" content=\"Kontakt - Asclepios - asclepios.co\" \/>\n<meta property=\"og:description\" content=\"Udru\u017eenje Asklepios Dr Aleksandra Kosti\u0107a 1711000 BeogradMati\u010dni broj 28121997PIB 108199371Teku\u0107i ra\u010dun: 150 - 1859683- 44 Direktna bankaOsniva\u010d: Mirjana Mi\u0107ovi\u0107 +381 60 6410399 &nbsp; Edukativni centar Holi Ul. Kneginje Ljubice 12 Telefon: +381 60 06 244 55 +381 60 64 103 99 +381 60 64 115 25 Glavni koordinatori za Holi Kids program :Mirjana Mi\u0107ovi\u0107, Milica [&hellip;]\" \/>\n<meta property=\"og:url\" content=\"https:\/\/asclepios.co\/?page_id=264\" \/>\n<meta property=\"og:site_name\" content=\"Asclepios - asclepios.co\" \/>\n<meta property=\"article:modified_time\" content=\"2019-09-11T19:08:07+00:00\" \/>\n<meta name=\"twitter:card\" content=\"summary_large_image\" \/>\n<meta name=\"twitter:label1\" content=\"Est. reading time\" \/>\n\t<meta name=\"twitter:data1\" content=\"1 minute\" \/>\n<script type=\"application\/ld+json\" class=\"yoast-schema-graph\">{\"@context\":\"https:\/\/schema.org\",\"@graph\":[{\"@type\":\"WebPage\",\"@id\":\"https:\/\/asclepios.co\/?page_id=264\",\"url\":\"https:\/\/asclepios.co\/?page_id=264\",\"name\":\"Kontakt - Asclepios - asclepios.co\",\"isPartOf\":{\"@id\":\"https:\/\/asclepios.co\/#website\"},\"datePublished\":\"2019-08-02T21:16:12+00:00\",\"dateModified\":\"2019-09-11T19:08:07+00:00\",\"breadcrumb\":{\"@id\":\"https:\/\/asclepios.co\/?page_id=264#breadcrumb\"},\"inLanguage\":\"en-US\",\"potentialAction\":[{\"@type\":\"ReadAction\",\"target\":[\"https:\/\/asclepios.co\/?page_id=264\"]}]},{\"@type\":\"BreadcrumbList\",\"@id\":\"https:\/\/asclepios.co\/?page_id=264#breadcrumb\",\"itemListElement\":[{\"@type\":\"ListItem\",\"position\":1,\"name\":\"Home\",\"item\":\"https:\/\/asclepios.co\/\"},{\"@type\":\"ListItem\",\"position\":2,\"name\":\"Kontakt\"}]},{\"@type\":\"WebSite\",\"@id\":\"https:\/\/asclepios.co\/#website\",\"url\":\"https:\/\/asclepios.co\/\",\"name\":\"Asclepios - asclepios.co\",\"description\":\"Udru\u017eenje Asklepios\",\"potentialAction\":[{\"@type\":\"SearchAction\",\"target\":{\"@type\":\"EntryPoint\",\"urlTemplate\":\"https:\/\/asclepios.co\/?s={search_term_string}\"},\"query-input\":{\"@type\":\"PropertyValueSpecification\",\"valueRequired\":true,\"valueName\":\"search_term_string\"}}],\"inLanguage\":\"en-US\"}]}<\/script>\n<!-- \/ Yoast SEO plugin. -->","yoast_head_json":{"title":"Kontakt - Asclepios - asclepios.co","robots":{"index":"index","follow":"follow","max-snippet":"max-snippet:-1","max-image-preview":"max-image-preview:large","max-video-preview":"max-video-preview:-1"},"canonical":"https:\/\/asclepios.co\/?page_id=264","og_locale":"en_US","og_type":"article","og_title":"Kontakt - Asclepios - asclepios.co","og_description":"Udru\u017eenje Asklepios Dr Aleksandra Kosti\u0107a 1711000 BeogradMati\u010dni broj 28121997PIB 108199371Teku\u0107i ra\u010dun: 150 - 1859683- 44 Direktna bankaOsniva\u010d: Mirjana Mi\u0107ovi\u0107 +381 60 6410399 &nbsp; Edukativni centar Holi Ul. Kneginje Ljubice 12 Telefon: +381 60 06 244 55 +381 60 64 103 99 +381 60 64 115 25 Glavni koordinatori za Holi Kids program :Mirjana Mi\u0107ovi\u0107, Milica [&hellip;]","og_url":"https:\/\/asclepios.co\/?page_id=264","og_site_name":"Asclepios - asclepios.co","article_modified_time":"2019-09-11T19:08:07+00:00","twitter_card":"summary_large_image","twitter_misc":{"Est. reading time":"1 minute"},"schema":{"@context":"https:\/\/schema.org","@graph":[{"@type":"WebPage","@id":"https:\/\/asclepios.co\/?page_id=264","url":"https:\/\/asclepios.co\/?page_id=264","name":"Kontakt - Asclepios - asclepios.co","isPartOf":{"@id":"https:\/\/asclepios.co\/#website"},"datePublished":"2019-08-02T21:16:12+00:00","dateModified":"2019-09-11T19:08:07+00:00","breadcrumb":{"@id":"https:\/\/asclepios.co\/?page_id=264#breadcrumb"},"inLanguage":"en-US","potentialAction":[{"@type":"ReadAction","target":["https:\/\/asclepios.co\/?page_id=264"]}]},{"@type":"BreadcrumbList","@id":"https:\/\/asclepios.co\/?page_id=264#breadcrumb","itemListElement":[{"@type":"ListItem","position":1,"name":"Home","item":"https:\/\/asclepios.co\/"},{"@type":"ListItem","position":2,"name":"Kontakt"}]},{"@type":"WebSite","@id":"https:\/\/asclepios.co\/#website","url":"https:\/\/asclepios.co\/","name":"Asclepios - asclepios.co","description":"Udru\u017eenje Asklepios","potentialAction":[{"@type":"SearchAction","target":{"@type":"EntryPoint","urlTemplate":"https:\/\/asclepios.co\/?s={search_term_string}"},"query-input":{"@type":"PropertyValueSpecification","valueRequired":true,"valueName":"search_term_string"}}],"inLanguage":"en-US"}]}},"_links":{"self":[{"href":"https:\/\/asclepios.co\/index.php?rest_route=\/wp\/v2\/pages\/264","targetHints":{"allow":["GET"]}}],"collection":[{"href":"https:\/\/asclepios.co\/index.php?rest_route=\/wp\/v2\/pages"}],"about":[{"href":"https:\/\/asclepios.co\/index.php?rest_route=\/wp\/v2\/types\/page"}],"author":[{"embeddable":true,"href":"https:\/\/asclepios.co\/index.php?rest_route=\/wp\/v2\/users\/2"}],"replies":[{"embeddable":true,"href":"https:\/\/asclepios.co\/index.php?rest_route=%2Fwp%2Fv2%2Fcomments&post=264"}],"version-history":[{"count":9,"href":"https:\/\/asclepios.co\/index.php?rest_route=\/wp\/v2\/pages\/264\/revisions"}],"predecessor-version":[{"id":315,"href":"https:\/\/asclepios.co\/index.php?rest_route=\/wp\/v2\/pages\/264\/revisions\/315"}],"wp:attachment":[{"href":"https:\/\/asclepios.co\/index.php?rest_route=%2Fwp%2Fv2%2Fmedia&parent=264"}],"curies":[{"name":"wp","href":"https:\/\/api.w.org\/{rel}","templated":true}]}}